{"id":27,"date":"2026-03-24T08:02:57","date_gmt":"2026-03-24T07:02:57","guid":{"rendered":"https:\/\/naturkrone-winf.gbsl.website\/index.php\/about\/"},"modified":"2026-03-26T16:05:14","modified_gmt":"2026-03-26T15:05:14","slug":"about","status":"publish","type":"page","link":"https:\/\/naturkrone-winf.gbsl.website\/index.php\/about\/","title":{"rendered":"\u00dcber uns"},"content":{"rendered":"<h3 data-section-id=\"l29dll\" data-start=\"71\" data-end=\"92\">\ud83c\udf3f Wer wir sind<\/h3>\n<p data-start=\"93\" data-end=\"339\">Naturkrone steht f\u00fcr <strong data-start=\"114\" data-end=\"156\">hochwertige, nat\u00fcrliche Pflegeprodukte<\/strong>, die K\u00f6rper und Sinne in Einklang bringen. Unsere Mission ist es, moderne Haar- und Hautpflege mit der Kraft der Natur zu verbinden \u2013 <strong data-start=\"291\" data-end=\"338\">wirksam, schonend und verantwortungsbewusst<\/strong>.<\/p>\n<p data-start=\"341\" data-end=\"459\">Wir glauben daran, dass echte Sch\u00f6nheit dort beginnt, wo <strong data-start=\"398\" data-end=\"450\">reine Inhaltsstoffe auf sorgf\u00e4ltige Verarbeitung<\/strong> treffen.<\/p>\n<hr data-start=\"461\" data-end=\"464\" \/>\n<h3 data-section-id=\"j7zqmm\" data-start=\"466\" data-end=\"492\">\u2728 Unsere Philosophie<\/h3>\n<p data-start=\"493\" data-end=\"603\">Bei Naturkrone gilt ein klarer Grundsatz:<br data-start=\"534\" data-end=\"537\" \/><strong data-start=\"537\" data-end=\"603\">Weniger Chemie, mehr Natur \u2013 ohne Kompromisse bei der Wirkung.<\/strong><\/p>\n<p data-start=\"605\" data-end=\"628\">Deshalb setzen wir auf:<\/p>\n<ul data-start=\"629\" data-end=\"776\">\n<li data-section-id=\"13ll2fu\" data-start=\"629\" data-end=\"681\">sorgf\u00e4ltig ausgew\u00e4hlte pflanzliche Inhaltsstoffe<\/li>\n<li data-section-id=\"184bb7i\" data-start=\"682\" data-end=\"716\">schonende Herstellungsprozesse<\/li>\n<li data-section-id=\"1hjv4g0\" data-start=\"717\" data-end=\"776\">eine harmonische Verbindung aus Pflege und Wohlbefinden<\/li>\n<\/ul>\n<p data-start=\"778\" data-end=\"887\">Unsere Produkte sollen nicht nur pflegen, sondern auch <strong data-start=\"833\" data-end=\"886\">kleine Momente der Entspannung im Alltag schaffen<\/strong>.<\/p>\n<hr data-start=\"889\" data-end=\"892\" \/>\n<h3 data-section-id=\"lrefi1\" data-start=\"894\" data-end=\"923\">\ud83c\udf31 Unsere Inhaltsstoffe<\/h3>\n<p data-start=\"924\" data-end=\"1120\">Qualit\u00e4t beginnt f\u00fcr uns bereits bei der Auswahl der Rohstoffe. Wir arbeiten mit nat\u00fcrlichen Inhaltsstoffen wie Aloe Vera, Rosmarin und Vanille, die f\u00fcr ihre pflegenden Eigenschaften bekannt sind.<\/p>\n<p data-start=\"1122\" data-end=\"1153\">Dabei achten wir besonders auf:<\/p>\n<ul data-start=\"1154\" data-end=\"1222\">\n<li data-section-id=\"1oqqudd\" data-start=\"1154\" data-end=\"1176\">nachhaltigen Anbau<\/li>\n<li data-section-id=\"qtiuek\" data-start=\"1177\" data-end=\"1195\">faire Herkunft<\/li>\n<li data-section-id=\"12eadnz\" data-start=\"1196\" data-end=\"1222\">schonende Verarbeitung<\/li>\n<\/ul>\n<p data-start=\"1224\" data-end=\"1350\">So stellen wir sicher, dass die <strong data-start=\"1256\" data-end=\"1294\">nat\u00fcrliche Wirkung erhalten bleibt<\/strong> und dein Haar sowie deine Haut optimal gepflegt werden.<\/p>\n<hr data-start=\"1352\" data-end=\"1355\" \/>\n<h3 data-section-id=\"z8y2zk\" data-start=\"1357\" data-end=\"1381\">\ud83d\udca7 Unsere Produkte<\/h3>\n<p data-start=\"1382\" data-end=\"1550\">Ob Shampoo, Tiefsp\u00fclung oder Body Scrub \u2013 jedes Naturkrone Produkt wird mit dem Ziel entwickelt, <strong data-start=\"1479\" data-end=\"1537\">effektive Pflege und ein angenehmes Anwendungserlebnis<\/strong> zu vereinen.<\/p>\n<p data-start=\"1552\" data-end=\"1579\">Unsere Pflegeprodukte sind:<\/p>\n<ul data-start=\"1580\" data-end=\"1727\">\n<li data-section-id=\"1nqavly\" data-start=\"1580\" data-end=\"1619\">f\u00fcr den t\u00e4glichen Gebrauch geeignet<\/li>\n<li data-section-id=\"cfks9i\" data-start=\"1620\" data-end=\"1651\">sanft zur Haut und Kopfhaut<\/li>\n<li data-section-id=\"17y2ydk\" data-start=\"1652\" data-end=\"1683\">frei von unn\u00f6tigen Zus\u00e4tzen<\/li>\n<li data-section-id=\"1fyp3aa\" data-start=\"1684\" data-end=\"1727\">f\u00fcr verschiedene Bed\u00fcrfnisse entwickelt<\/li>\n<\/ul>\n<hr data-start=\"1729\" data-end=\"1732\" \/>\n<h3 data-section-id=\"1gvz8wl\" data-start=\"1734\" data-end=\"1763\">\ud83c\udf0d Unsere Verantwortung<\/h3>\n<p data-start=\"1764\" data-end=\"1931\">Nachhaltigkeit ist f\u00fcr uns kein Trend, sondern ein Versprechen. Naturkrone steht f\u00fcr einen <strong data-start=\"1855\" data-end=\"1890\">bewussten Umgang mit Ressourcen<\/strong> und eine verantwortungsvolle Produktion.<\/p>\n<p data-start=\"1933\" data-end=\"1952\">Wir legen Wert auf:<\/p>\n<ul data-start=\"1953\" data-end=\"2062\">\n<li data-section-id=\"epf9qv\" data-start=\"1953\" data-end=\"1988\">umweltfreundliche Inhaltsstoffe<\/li>\n<li data-section-id=\"1ruxhmh\" data-start=\"1989\" data-end=\"2022\">tierversuchsfreie Entwicklung<\/li>\n<li data-section-id=\"1kcun8m\" data-start=\"2023\" data-end=\"2062\">langlebige und hochwertige Produkte<\/li>\n<\/ul>\n<hr data-start=\"2064\" data-end=\"2067\" \/>\n<h3 data-section-id=\"1rcnbm\" data-start=\"2069\" data-end=\"2116\">\ud83d\udc51 Naturkrone \u2013 Wo Natur auf Luxus trifft<\/h3>\n<p data-start=\"2117\" data-end=\"2329\" data-is-last-node=\"\" data-is-only-node=\"\">Unser Ziel ist es, dir Pflegeprodukte anzubieten, die nicht nur wirken, sondern sich auch besonders anf\u00fchlen.<br data-start=\"2226\" data-end=\"2229\" \/>Mit Naturkrone entscheidest du dich f\u00fcr <strong data-start=\"2269\" data-end=\"2328\">Qualit\u00e4t, Nat\u00fcrlichkeit und ein St\u00fcck t\u00e4gliche Wellness<\/strong>.<\/p>\n","protected":false},"excerpt":{"rendered":"<p>\ud83c\udf3f Wer wir sind Naturkrone steht f\u00fcr hochwertige, nat\u00fcrliche Pflegeprodukte, die K\u00f6rper und Sinne in Einklang bringen. Unsere Mission ist [&hellip;]<\/p>\n","protected":false},"author":1,"featured_media":0,"parent":0,"menu_order":0,"comment_status":"closed","ping_status":"closed","template":"","meta":{"site-sidebar-layout":"default","site-content-layout":"","ast-site-content-layout":"default","site-content-style":"default","site-sidebar-style":"default","ast-global-header-display":"","ast-banner-title-visibility":"","ast-main-header-display":"","ast-hfb-above-header-display":"","ast-hfb-below-header-display":"","ast-hfb-mobile-header-display":"","site-post-title":"","ast-breadcrumbs-content":"","ast-featured-img":"","footer-sml-layout":"","ast-disable-related-posts":"","theme-transparent-header-meta":"","adv-header-id-meta":"","stick-header-meta":"","header-above-stick-meta":"","header-main-stick-meta":"","header-below-stick-meta":"","astra-migrate-meta-layouts":"default","ast-page-background-enabled":"default","ast-page-background-meta":{"desktop":{"background-color":"var(--ast-global-color-5)","background-image":"","background-repeat":"repeat","background-position":"center center","background-size":"auto","background-attachment":"scroll","background-type":"","background-media":"","overlay-type":"","overlay-color":"","overlay-opacity":"","overlay-gradient":""},"tablet":{"background-color":"","background-image":"","background-repeat":"repeat","background-position":"center center","background-size":"auto","background-attachment":"scroll","background-type":"","background-media":"","overlay-type":"","overlay-color":"","overlay-opacity":"","overlay-gradient":""},"mobile":{"background-color":"","background-image":"","background-repeat":"repeat","background-position":"center center","background-size":"auto","background-attachment":"scroll","background-type":"","background-media":"","overlay-type":"","overlay-color":"","overlay-opacity":"","overlay-gradient":""}},"ast-content-background-meta":{"desktop":{"background-color":"var(--ast-global-color-4)","background-image":"","background-repeat":"repeat","background-position":"center center","background-size":"auto","background-attachment":"scroll","background-type":"","background-media":"","overlay-type":"","overlay-color":"","overlay-opacity":"","overlay-gradient":""},"tablet":{"background-color":"var(--ast-global-color-4)","background-image":"","background-repeat":"repeat","background-position":"center center","background-size":"auto","background-attachment":"scroll","background-type":"","background-media":"","overlay-type":"","overlay-color":"","overlay-opacity":"","overlay-gradient":""},"mobile":{"background-color":"var(--ast-global-color-4)","background-image":"","background-repeat":"repeat","background-position":"center center","background-size":"auto","background-attachment":"scroll","background-type":"","background-media":"","overlay-type":"","overlay-color":"","overlay-opacity":"","overlay-gradient":""}},"footnotes":""},"class_list":["post-27","page","type-page","status-publish","hentry"],"_links":{"self":[{"href":"https:\/\/naturkrone-winf.gbsl.website\/index.php\/wp-json\/wp\/v2\/pages\/27","targetHints":{"allow":["GET"]}}],"collection":[{"href":"https:\/\/naturkrone-winf.gbsl.website\/index.php\/wp-json\/wp\/v2\/pages"}],"about":[{"href":"https:\/\/naturkrone-winf.gbsl.website\/index.php\/wp-json\/wp\/v2\/types\/page"}],"author":[{"embeddable":true,"href":"https:\/\/naturkrone-winf.gbsl.website\/index.php\/wp-json\/wp\/v2\/users\/1"}],"replies":[{"embeddable":true,"href":"https:\/\/naturkrone-winf.gbsl.website\/index.php\/wp-json\/wp\/v2\/comments?post=27"}],"version-history":[{"count":1,"href":"https:\/\/naturkrone-winf.gbsl.website\/index.php\/wp-json\/wp\/v2\/pages\/27\/revisions"}],"predecessor-version":[{"id":150,"href":"https:\/\/naturkrone-winf.gbsl.website\/index.php\/wp-json\/wp\/v2\/pages\/27\/revisions\/150"}],"wp:attachment":[{"href":"https:\/\/naturkrone-winf.gbsl.website\/index.php\/wp-json\/wp\/v2\/media?parent=27"}],"curies":[{"name":"wp","href":"https:\/\/api.w.org\/{rel}","templated":true}]}}