{"id":48,"date":"2026-03-24T08:02:59","date_gmt":"2026-03-24T07:02:59","guid":{"rendered":"https:\/\/naturkrone-winf.gbsl.website\/index.php\/produkt\/hydrating-gel-cream\/"},"modified":"2026-03-26T22:53:10","modified_gmt":"2026-03-26T21:53:10","slug":"hydrating-gel-cream","status":"publish","type":"product","link":"https:\/\/naturkrone-winf.gbsl.website\/index.php\/produkt\/hydrating-gel-cream\/","title":{"rendered":"Honig &#038; Rosen Bari Scrub"},"content":{"rendered":"<p data-start=\"155\" data-end=\"401\">Der Naturkrone Lavendel Body Scrub vereint <strong data-start=\"198\" data-end=\"257\">sanfte Reinigung, intensive Pflege und pure Entspannung<\/strong> in einem Produkt. Die feine Peeling-Formel entfernt abgestorbene Hautzellen und hinterl\u00e4sst ein <strong data-start=\"354\" data-end=\"400\">glattes, weiches und gepflegtes Hautgef\u00fchl<\/strong>.<\/p>\n<p data-start=\"403\" data-end=\"602\">Angereichert mit nat\u00fcrlichem Lavendel sorgt das Peeling nicht nur f\u00fcr eine strahlende Haut, sondern auch f\u00fcr ein beruhigendes Wellness-Erlebnis \u2013 ideal, um K\u00f6rper und Geist zur Ruhe kommen zu lassen.<\/p>\n<hr data-start=\"604\" data-end=\"607\" \/>\n<h3 data-section-id=\"1v8vsjl\" data-start=\"609\" data-end=\"622\">\ud83c\udf38 Duft<\/h3>\n<ul data-start=\"623\" data-end=\"741\">\n<li data-section-id=\"1kk8iu7\" data-start=\"623\" data-end=\"656\">Zarter Rosen Duft, begleitet von s\u00fcssem Honig<\/li>\n<li data-section-id=\"10wgulu\" data-start=\"657\" data-end=\"695\">Wirkt entspannend und ausgleichend<\/li>\n<li data-section-id=\"1jpkifp\" data-start=\"696\" data-end=\"741\">Perfekt f\u00fcr deine pers\u00f6nliche Spa-Auszeit<\/li>\n<\/ul>\n<hr data-start=\"743\" data-end=\"746\" \/>\n<h3 data-section-id=\"jfkxvn\" data-start=\"748\" data-end=\"770\">\ud83c\udf31 Inhaltsstoffe<\/h3>\n<ul data-start=\"771\" data-end=\"1021\">\n<li data-section-id=\"1e0pm2l\" data-start=\"771\" data-end=\"839\"><strong data-start=\"773\" data-end=\"793\">Honig-Extrakt<\/strong> \u2013 Beruhigt die Haut und entspannt die Sinne<\/li>\n<li data-section-id=\"1hxsair\" data-start=\"840\" data-end=\"934\"><strong data-start=\"842\" data-end=\"890\">Nat\u00fcrliche Peelingk\u00f6rner (z. B. Zucker\/Salz)<\/strong> \u2013 Entfernen sanft abgestorbene Hautzellen<\/li>\n<li data-section-id=\"1lr388v\" data-start=\"935\" data-end=\"1021\"><strong data-start=\"937\" data-end=\"954\">Pflegende \u00d6le<\/strong> \u2013 Spenden Feuchtigkeit und sch\u00fctzen die Haut vor dem Austrocknen<\/li>\n<\/ul>\n<hr data-start=\"1023\" data-end=\"1026\" \/>\n<h3 data-section-id=\"ikukn\" data-start=\"1028\" data-end=\"1044\">\ud83d\udca7 Wirkung<\/h3>\n<p data-start=\"1045\" data-end=\"1243\">\u2714 Entfernt sanft abgestorbene Hautzellen<br data-start=\"1085\" data-end=\"1088\" \/>\u2714 F\u00f6rdert eine glatte und strahlende Haut<br data-start=\"1129\" data-end=\"1132\" \/>\u2714 Spendet intensive Feuchtigkeit<br data-start=\"1164\" data-end=\"1167\" \/>\u2714 Beruhigt empfindliche Haut<br data-start=\"1195\" data-end=\"1198\" \/>\u2714 Unterst\u00fctzt die nat\u00fcrliche Hauterneuerung<\/p>\n<hr data-start=\"1245\" data-end=\"1248\" \/>\n<h3 data-section-id=\"k8qm4n\" data-start=\"1250\" data-end=\"1268\">\ud83e\uddf4 Anwendung<\/h3>\n<p data-start=\"1269\" data-end=\"1465\">Eine kleine Menge auf die feuchte Haut auftragen und in kreisenden Bewegungen einmassieren. Anschlie\u00dfend gr\u00fcndlich mit warmem Wasser absp\u00fclen.<br data-start=\"1411\" data-end=\"1414\" \/>F\u00fcr optimale Ergebnisse 2\u20133 Mal pro Woche anwenden.<\/p>\n<hr data-start=\"1467\" data-end=\"1470\" \/>\n<h3 data-section-id=\"1kup6j7\" data-start=\"1472\" data-end=\"1514\">\ud83d\udc51 F\u00fcr wen ist das Peeling geeignet?<\/h3>\n<ul data-start=\"1515\" data-end=\"1662\">\n<li data-section-id=\"o7m7qy\" data-start=\"1515\" data-end=\"1537\">F\u00fcr alle Hauttypen<\/li>\n<li data-section-id=\"le5z65\" data-start=\"1538\" data-end=\"1595\">Besonders geeignet f\u00fcr trockene und empfindliche Haut<\/li>\n<li data-section-id=\"1y02bsq\" data-start=\"1596\" data-end=\"1620\">F\u00fcr Damen und Herren<\/li>\n<li data-section-id=\"1dy3q8v\" data-start=\"1621\" data-end=\"1662\">Ideal f\u00fcr entspannende Pflegeroutinen<\/li>\n<\/ul>\n<hr data-start=\"1664\" data-end=\"1667\" \/>\n<h3 data-section-id=\"1opov4s\" data-start=\"1669\" data-end=\"1692\">\ud83d\udce6 Produktdetails<\/h3>\n<ul data-start=\"1693\" data-end=\"1820\">\n<li data-section-id=\"12gd4nr\" data-start=\"1693\" data-end=\"1711\">Inhalt: 200 ml<\/li>\n<li data-section-id=\"16vgkk2\" data-start=\"1712\" data-end=\"1751\">Frei von Parabenen und Mikroplastik<\/li>\n<li data-section-id=\"3nmbxh\" data-start=\"1752\" data-end=\"1772\">Tierversuchsfrei<\/li>\n<li data-section-id=\"vafxp\" data-start=\"1773\" data-end=\"1820\">Hautvertr\u00e4glichkeit dermatologisch getestet<\/li>\n<\/ul>\n<hr data-start=\"1822\" data-end=\"1825\" \/>\n<h3 data-section-id=\"bkp0jz\" data-start=\"1827\" data-end=\"1874\">\ud83c\udf0d Naturkrone \u2013 Wo Natur auf Luxus trifft<\/h3>\n<p data-start=\"1875\" data-end=\"2060\" data-is-last-node=\"\" data-is-only-node=\"\">Mit dem Honig &amp; Rosen Body Scrub entscheidest du dich f\u00fcr <strong data-start=\"1928\" data-end=\"1998\">nat\u00fcrliche Pflege, hochwertige Inhaltsstoffe und echte Entspannung<\/strong> \u2013 f\u00fcr sp\u00fcrbar gepflegte Haut und einen Moment Ruhe im Alltag.<\/p>\n","protected":false},"excerpt":{"rendered":"<p>Der Naturkrone Lavendel Body Scrub vereint sanfte Reinigung, intensive Pflege und pure Entspannung in einem Produkt. Die feine Peeling-Formel entfernt [&hellip;]<\/p>\n","protected":false},"featured_media":162,"comment_status":"open","ping_status":"closed","template":"","meta":{"site-sidebar-layout":"default","site-content-layout":"","ast-site-content-layout":"default","site-content-style":"default","site-sidebar-style":"default","ast-global-header-display":"","ast-banner-title-visibility":"","ast-main-header-display":"","ast-hfb-above-header-display":"","ast-hfb-below-header-display":"","ast-hfb-mobile-header-display":"","site-post-title":"","ast-breadcrumbs-content":"","ast-featured-img":"","footer-sml-layout":"","ast-disable-related-posts":"","theme-transparent-header-meta":"default","adv-header-id-meta":"","stick-header-meta":"","header-above-stick-meta":"","header-main-stick-meta":"","header-below-stick-meta":"","astra-migrate-meta-layouts":"set","ast-page-background-enabled":"default","ast-page-background-meta":{"desktop":{"background-color":"var(--ast-global-color-5)","background-image":"","background-repeat":"repeat","background-position":"center center","background-size":"auto","background-attachment":"scroll","background-type":"","background-media":"","overlay-type":"","overlay-color":"","overlay-opacity":"","overlay-gradient":""},"tablet":{"background-color":"","background-image":"","background-repeat":"repeat","background-position":"center center","background-size":"auto","background-attachment":"scroll","background-type":"","background-media":"","overlay-type":"","overlay-color":"","overlay-opacity":"","overlay-gradient":""},"mobile":{"background-color":"","background-image":"","background-repeat":"repeat","background-position":"center center","background-size":"auto","background-attachment":"scroll","background-type":"","background-media":"","overlay-type":"","overlay-color":"","overlay-opacity":"","overlay-gradient":""}},"ast-content-background-meta":{"desktop":{"background-color":"var(--ast-global-color-4)","background-image":"","background-repeat":"repeat","background-position":"center center","background-size":"auto","background-attachment":"scroll","background-type":"","background-media":"","overlay-type":"","overlay-color":"","overlay-opacity":"","overlay-gradient":""},"tablet":{"background-color":"var(--ast-global-color-4)","background-image":"","background-repeat":"repeat","background-position":"center center","background-size":"auto","background-attachment":"scroll","background-type":"","background-media":"","overlay-type":"","overlay-color":"","overlay-opacity":"","overlay-gradient":""},"mobile":{"background-color":"var(--ast-global-color-4)","background-image":"","background-repeat":"repeat","background-position":"center center","background-size":"auto","background-attachment":"scroll","background-type":"","background-media":"","overlay-type":"","overlay-color":"","overlay-opacity":"","overlay-gradient":""}}},"product_brand":[],"product_cat":[17],"product_tag":[],"class_list":{"0":"post-48","1":"product","2":"type-product","3":"status-publish","4":"has-post-thumbnail","6":"product_cat-skincare","7":"desktop-align-center","8":"tablet-align-left","9":"mobile-align-left","11":"first","12":"instock","13":"sale","14":"shipping-taxable","15":"purchasable","16":"product-type-simple"},"_links":{"self":[{"href":"https:\/\/naturkrone-winf.gbsl.website\/index.php\/wp-json\/wp\/v2\/product\/48","targetHints":{"allow":["GET"]}}],"collection":[{"href":"https:\/\/naturkrone-winf.gbsl.website\/index.php\/wp-json\/wp\/v2\/product"}],"about":[{"href":"https:\/\/naturkrone-winf.gbsl.website\/index.php\/wp-json\/wp\/v2\/types\/product"}],"replies":[{"embeddable":true,"href":"https:\/\/naturkrone-winf.gbsl.website\/index.php\/wp-json\/wp\/v2\/comments?post=48"}],"wp:featuredmedia":[{"embeddable":true,"href":"https:\/\/naturkrone-winf.gbsl.website\/index.php\/wp-json\/wp\/v2\/media\/162"}],"wp:attachment":[{"href":"https:\/\/naturkrone-winf.gbsl.website\/index.php\/wp-json\/wp\/v2\/media?parent=48"}],"wp:term":[{"taxonomy":"product_brand","embeddable":true,"href":"https:\/\/naturkrone-winf.gbsl.website\/index.php\/wp-json\/wp\/v2\/product_brand?post=48"},{"taxonomy":"product_cat","embeddable":true,"href":"https:\/\/naturkrone-winf.gbsl.website\/index.php\/wp-json\/wp\/v2\/product_cat?post=48"},{"taxonomy":"product_tag","embeddable":true,"href":"https:\/\/naturkrone-winf.gbsl.website\/index.php\/wp-json\/wp\/v2\/product_tag?post=48"}],"curies":[{"name":"wp","href":"https:\/\/api.w.org\/{rel}","templated":true}]}}